{"id":110,"date":"2022-09-20T09:03:39","date_gmt":"2022-09-20T07:03:39","guid":{"rendered":"https:\/\/abcsystem.com.pl\/?page_id=110"},"modified":"2024-03-25T18:10:11","modified_gmt":"2024-03-25T17:10:11","slug":"rozsadne-stawki","status":"publish","type":"page","link":"https:\/\/abcsystem.com.pl\/?page_id=110","title":{"rendered":"rozs\u0105dne stawki"},"content":{"rendered":"\n<p><\/p>\n\n\n\n<p>Stawki w spedycji nie s\u0105 sta\u0142e, wp\u0142ywa na to wiele czynnik\u00f3w, przede wszystkim koszty paliwa, pozwole\u0144, op\u0142aty czy p\u0142aca kierowc\u00f3w. <\/p>\n\n\n\n<div class=\"wp-block-buttons is-layout-flex wp-block-buttons-is-layout-flex\"><\/div>\n\n\n\n<p><\/p>\n\n\n\n<p><\/p>\n\n\n\n<p>Jednak zale\u017cy nam na tym by te stawki by\u0142y rozs\u0105dne, koniec ko\u0144c\u00f3w obie strony musz\u0105 by\u0107 zadowolone. Klient z tego, \u017ce otrzyma\u0142 serwis w stawce, kt\u00f3ra by\u0142a dla niego odpowiednia, a my, \u017ce nasza praca, kt\u00f3rej nie wida\u0107 si\u0119 op\u0142aca. <\/p>\n\n\n\n<p>Je\u015bli potrzebuj\u0105 Pa\u0144stwo wyceny swojego transportu to najszybsz\u0105 form\u0105 kontaktu jest mail. Poni\u017cej podaje adres office@abcsystem.com.pl Aby proces by szybki to prosimy poda\u0107 podstawowe dane do okre\u015blenia stawki takie jak:<\/p>\n\n\n\n<ul class=\"wp-block-list\">\n<li>kod za\u0142adunku i roz\u0142adunku<\/li>\n\n\n\n<li>termin <\/li>\n\n\n\n<li>waga i wymiary towaru<\/li>\n\n\n\n<li>rodzaj towaru <\/li>\n<\/ul>\n\n\n\n<p>My zorganizujemy odpowiedni \u015brodek transportu i zajmiemy si\u0119 reszt\u0105. <\/p>\n","protected":false},"excerpt":{"rendered":"<p>Stawki w spedycji nie s\u0105 sta\u0142e, wp\u0142ywa na to wiele czynnik\u00f3w, przede wszystkim koszty paliwa, pozwole\u0144, op\u0142aty czy p\u0142aca kierowc\u00f3w. Jednak zale\u017cy nam na tym by te stawki by\u0142y rozs\u0105dne, koniec ko\u0144c\u00f3w obie strony musz\u0105 by\u0107 zadowolone. Klient z tego, \u017ce otrzyma\u0142 serwis w stawce, kt\u00f3ra by\u0142a dla niego odpowiednia, a my, \u017ce nasza praca, kt\u00f3rej nie wida\u0107 si\u0119 op\u0142aca. Je\u015bli potrzebuj\u0105 Pa\u0144stwo wyceny swojego transportu to najszybsz\u0105 form\u0105 kontaktu jest mail. Poni\u017cej podaje adres office@abcsystem.com.pl Aby proces by szybki to prosimy poda\u0107 podstawowe dane do okre\u015blenia stawki takie jak: My zorganizujemy odpowiedni \u015brodek transportu i zajmiemy si\u0119 reszt\u0105.<\/p>\n","protected":false},"author":1,"featured_media":0,"parent":0,"menu_order":0,"comment_status":"closed","ping_status":"closed","template":"","meta":{"_monsterinsights_skip_tracking":false,"_monsterinsights_sitenote_active":false,"_monsterinsights_sitenote_note":"","_monsterinsights_sitenote_category":0,"_uf_show_specific_survey":0,"_uf_disable_surveys":false,"footnotes":""},"class_list":["post-110","page","type-page","status-publish","hentry"],"yoast_head":"<!-- This site is optimized with the Yoast SEO plugin v22.8 - https:\/\/yoast.com\/wordpress\/plugins\/seo\/ -->\n<title>rozs\u0105dne stawki - ABC System - Twoja spedycja!<\/title>\n<meta name=\"robots\" content=\"index, follow, max-snippet:-1, max-image-preview:large, max-video-preview:-1\" \/>\n<link rel=\"canonical\" href=\"https:\/\/abcsystem.com.pl\/?page_id=110\" \/>\n<meta property=\"og:locale\" content=\"pl_PL\" \/>\n<meta property=\"og:type\" content=\"article\" \/>\n<meta property=\"og:title\" content=\"rozs\u0105dne stawki - ABC System - Twoja spedycja!\" \/>\n<meta property=\"og:description\" content=\"Stawki w spedycji nie s\u0105 sta\u0142e, wp\u0142ywa na to wiele czynnik\u00f3w, przede wszystkim koszty paliwa, pozwole\u0144, op\u0142aty czy p\u0142aca kierowc\u00f3w. Jednak zale\u017cy nam na tym by te stawki by\u0142y rozs\u0105dne, koniec ko\u0144c\u00f3w obie strony musz\u0105 by\u0107 zadowolone. Klient z tego, \u017ce otrzyma\u0142 serwis w stawce, kt\u00f3ra by\u0142a dla niego odpowiednia, a my, \u017ce nasza praca, kt\u00f3rej nie wida\u0107 si\u0119 op\u0142aca. Je\u015bli potrzebuj\u0105 Pa\u0144stwo wyceny swojego transportu to najszybsz\u0105 form\u0105 kontaktu jest mail. Poni\u017cej podaje adres office@abcsystem.com.pl Aby proces by szybki to prosimy poda\u0107 podstawowe dane do okre\u015blenia stawki takie jak: My zorganizujemy odpowiedni \u015brodek transportu i zajmiemy si\u0119 reszt\u0105.\" \/>\n<meta property=\"og:url\" content=\"https:\/\/abcsystem.com.pl\/?page_id=110\" \/>\n<meta property=\"og:site_name\" content=\"ABC System - Twoja spedycja!\" \/>\n<meta property=\"article:publisher\" content=\"https:\/\/www.facebook.com\/profile.php?id=100076308193135\" \/>\n<meta property=\"article:modified_time\" content=\"2024-03-25T17:10:11+00:00\" \/>\n<meta name=\"twitter:card\" content=\"summary_large_image\" \/>\n<meta name=\"twitter:label1\" content=\"Szacowany czas czytania\" \/>\n\t<meta name=\"twitter:data1\" content=\"1 minuta\" \/>\n<script type=\"application\/ld+json\" class=\"yoast-schema-graph\">{\"@context\":\"https:\/\/schema.org\",\"@graph\":[{\"@type\":\"WebPage\",\"@id\":\"https:\/\/abcsystem.com.pl\/?page_id=110\",\"url\":\"https:\/\/abcsystem.com.pl\/?page_id=110\",\"name\":\"rozs\u0105dne stawki - ABC System - Twoja spedycja!\",\"isPartOf\":{\"@id\":\"https:\/\/abcsystem.com.pl\/#website\"},\"datePublished\":\"2022-09-20T07:03:39+00:00\",\"dateModified\":\"2024-03-25T17:10:11+00:00\",\"breadcrumb\":{\"@id\":\"https:\/\/abcsystem.com.pl\/?page_id=110#breadcrumb\"},\"inLanguage\":\"pl-PL\",\"potentialAction\":[{\"@type\":\"ReadAction\",\"target\":[\"https:\/\/abcsystem.com.pl\/?page_id=110\"]}]},{\"@type\":\"BreadcrumbList\",\"@id\":\"https:\/\/abcsystem.com.pl\/?page_id=110#breadcrumb\",\"itemListElement\":[{\"@type\":\"ListItem\",\"position\":1,\"name\":\"Strona g\u0142\u00f3wna\",\"item\":\"https:\/\/abcsystem.com.pl\/\"},{\"@type\":\"ListItem\",\"position\":2,\"name\":\"rozs\u0105dne stawki\"}]},{\"@type\":\"WebSite\",\"@id\":\"https:\/\/abcsystem.com.pl\/#website\",\"url\":\"https:\/\/abcsystem.com.pl\/\",\"name\":\"ABC System - Twoja spedycja!\",\"description\":\"Firma spedycyjna z 30-letnim do\u015bwiadczeniem\",\"publisher\":{\"@id\":\"https:\/\/abcsystem.com.pl\/#organization\"},\"potentialAction\":[{\"@type\":\"SearchAction\",\"target\":{\"@type\":\"EntryPoint\",\"urlTemplate\":\"https:\/\/abcsystem.com.pl\/?s={search_term_string}\"},\"query-input\":\"required name=search_term_string\"}],\"inLanguage\":\"pl-PL\"},{\"@type\":\"Organization\",\"@id\":\"https:\/\/abcsystem.com.pl\/#organization\",\"name\":\"ABC System - Twoja spedycja!\",\"url\":\"https:\/\/abcsystem.com.pl\/\",\"logo\":{\"@type\":\"ImageObject\",\"inLanguage\":\"pl-PL\",\"@id\":\"https:\/\/abcsystem.com.pl\/#\/schema\/logo\/image\/\",\"url\":\"https:\/\/abcsystem.com.pl\/wp-content\/uploads\/2022\/09\/logo-ABC-System-e1663231883405.png\",\"contentUrl\":\"https:\/\/abcsystem.com.pl\/wp-content\/uploads\/2022\/09\/logo-ABC-System-e1663231883405.png\",\"width\":500,\"height\":500,\"caption\":\"ABC System - Twoja spedycja!\"},\"image\":{\"@id\":\"https:\/\/abcsystem.com.pl\/#\/schema\/logo\/image\/\"},\"sameAs\":[\"https:\/\/www.facebook.com\/profile.php?id=100076308193135\",\"https:\/\/www.instagram.com\/abc_system_spedition\/\"]}]}<\/script>\n<!-- \/ Yoast SEO plugin. -->","yoast_head_json":{"title":"rozs\u0105dne stawki - ABC System - Twoja spedycja!","robots":{"index":"index","follow":"follow","max-snippet":"max-snippet:-1","max-image-preview":"max-image-preview:large","max-video-preview":"max-video-preview:-1"},"canonical":"https:\/\/abcsystem.com.pl\/?page_id=110","og_locale":"pl_PL","og_type":"article","og_title":"rozs\u0105dne stawki - ABC System - Twoja spedycja!","og_description":"Stawki w spedycji nie s\u0105 sta\u0142e, wp\u0142ywa na to wiele czynnik\u00f3w, przede wszystkim koszty paliwa, pozwole\u0144, op\u0142aty czy p\u0142aca kierowc\u00f3w. Jednak zale\u017cy nam na tym by te stawki by\u0142y rozs\u0105dne, koniec ko\u0144c\u00f3w obie strony musz\u0105 by\u0107 zadowolone. Klient z tego, \u017ce otrzyma\u0142 serwis w stawce, kt\u00f3ra by\u0142a dla niego odpowiednia, a my, \u017ce nasza praca, kt\u00f3rej nie wida\u0107 si\u0119 op\u0142aca. Je\u015bli potrzebuj\u0105 Pa\u0144stwo wyceny swojego transportu to najszybsz\u0105 form\u0105 kontaktu jest mail. Poni\u017cej podaje adres office@abcsystem.com.pl Aby proces by szybki to prosimy poda\u0107 podstawowe dane do okre\u015blenia stawki takie jak: My zorganizujemy odpowiedni \u015brodek transportu i zajmiemy si\u0119 reszt\u0105.","og_url":"https:\/\/abcsystem.com.pl\/?page_id=110","og_site_name":"ABC System - Twoja spedycja!","article_publisher":"https:\/\/www.facebook.com\/profile.php?id=100076308193135","article_modified_time":"2024-03-25T17:10:11+00:00","twitter_card":"summary_large_image","twitter_misc":{"Szacowany czas czytania":"1 minuta"},"schema":{"@context":"https:\/\/schema.org","@graph":[{"@type":"WebPage","@id":"https:\/\/abcsystem.com.pl\/?page_id=110","url":"https:\/\/abcsystem.com.pl\/?page_id=110","name":"rozs\u0105dne stawki - ABC System - Twoja spedycja!","isPartOf":{"@id":"https:\/\/abcsystem.com.pl\/#website"},"datePublished":"2022-09-20T07:03:39+00:00","dateModified":"2024-03-25T17:10:11+00:00","breadcrumb":{"@id":"https:\/\/abcsystem.com.pl\/?page_id=110#breadcrumb"},"inLanguage":"pl-PL","potentialAction":[{"@type":"ReadAction","target":["https:\/\/abcsystem.com.pl\/?page_id=110"]}]},{"@type":"BreadcrumbList","@id":"https:\/\/abcsystem.com.pl\/?page_id=110#breadcrumb","itemListElement":[{"@type":"ListItem","position":1,"name":"Strona g\u0142\u00f3wna","item":"https:\/\/abcsystem.com.pl\/"},{"@type":"ListItem","position":2,"name":"rozs\u0105dne stawki"}]},{"@type":"WebSite","@id":"https:\/\/abcsystem.com.pl\/#website","url":"https:\/\/abcsystem.com.pl\/","name":"ABC System - Twoja spedycja!","description":"Firma spedycyjna z 30-letnim do\u015bwiadczeniem","publisher":{"@id":"https:\/\/abcsystem.com.pl\/#organization"},"potentialAction":[{"@type":"SearchAction","target":{"@type":"EntryPoint","urlTemplate":"https:\/\/abcsystem.com.pl\/?s={search_term_string}"},"query-input":"required name=search_term_string"}],"inLanguage":"pl-PL"},{"@type":"Organization","@id":"https:\/\/abcsystem.com.pl\/#organization","name":"ABC System - Twoja spedycja!","url":"https:\/\/abcsystem.com.pl\/","logo":{"@type":"ImageObject","inLanguage":"pl-PL","@id":"https:\/\/abcsystem.com.pl\/#\/schema\/logo\/image\/","url":"https:\/\/abcsystem.com.pl\/wp-content\/uploads\/2022\/09\/logo-ABC-System-e1663231883405.png","contentUrl":"https:\/\/abcsystem.com.pl\/wp-content\/uploads\/2022\/09\/logo-ABC-System-e1663231883405.png","width":500,"height":500,"caption":"ABC System - Twoja spedycja!"},"image":{"@id":"https:\/\/abcsystem.com.pl\/#\/schema\/logo\/image\/"},"sameAs":["https:\/\/www.facebook.com\/profile.php?id=100076308193135","https:\/\/www.instagram.com\/abc_system_spedition\/"]}]}},"_links":{"self":[{"href":"https:\/\/abcsystem.com.pl\/index.php?rest_route=\/wp\/v2\/pages\/110","targetHints":{"allow":["GET"]}}],"collection":[{"href":"https:\/\/abcsystem.com.pl\/index.php?rest_route=\/wp\/v2\/pages"}],"about":[{"href":"https:\/\/abcsystem.com.pl\/index.php?rest_route=\/wp\/v2\/types\/page"}],"author":[{"embeddable":true,"href":"https:\/\/abcsystem.com.pl\/index.php?rest_route=\/wp\/v2\/users\/1"}],"replies":[{"embeddable":true,"href":"https:\/\/abcsystem.com.pl\/index.php?rest_route=%2Fwp%2Fv2%2Fcomments&post=110"}],"version-history":[{"count":11,"href":"https:\/\/abcsystem.com.pl\/index.php?rest_route=\/wp\/v2\/pages\/110\/revisions"}],"predecessor-version":[{"id":179,"href":"https:\/\/abcsystem.com.pl\/index.php?rest_route=\/wp\/v2\/pages\/110\/revisions\/179"}],"wp:attachment":[{"href":"https:\/\/abcsystem.com.pl\/index.php?rest_route=%2Fwp%2Fv2%2Fmedia&parent=110"}],"curies":[{"name":"wp","href":"https:\/\/api.w.org\/{rel}","templated":true}]}}