{"id":2,"date":"2021-01-07T14:18:37","date_gmt":"2021-01-07T13:18:37","guid":{"rendered":"http:\/\/abcsystem.com.pl\/?page_id=2"},"modified":"2022-09-27T14:47:26","modified_gmt":"2022-09-27T12:47:26","slug":"przykladowa-strona","status":"publish","type":"page","link":"https:\/\/abcsystem.com.pl\/","title":{"rendered":"Firma"},"content":{"rendered":"\n<p class=\"has-white-background-color has-background\">Jeste\u015bmy firm\u0105 rodzinn\u0105 z 30-letni\u0105 tradycj\u0105. Stawiamy na dynamiczny rozw\u00f3j w zakresie kompleksowej obs\u0142ugi naszych kontrahent\u00f3w. Mamy bogaty obszar wiedzy i do\u015bwiadczenia, kt\u00f3ry pozwala nam cieszy\u0107 si\u0119 zaufaniem tysi\u0119cy Klient\u00f3w, zar\u00f3wno polskich jak i zagranicznych. <\/p>\n\n\n\n<p class=\"has-white-background-color has-background\">Elastyczno\u015b\u0107 naszej firmy sprawia, \u017ce jeste\u015bmy odpowiednim partnerem dla prywatnych firm, ma\u0142ych i \u015brednich przedsi\u0119biorc\u00f3w, ale tak\u017ce mi\u0119dzynarodowych koncern\u00f3w. Specjalizujemy si\u0119 w transporcie drogowym, samochodami o r\u00f3\u017cnej \u0142adowno\u015bci.<\/p>\n\n\n\n<p class=\"has-white-background-color has-background\">Gwarantujemy Pa\u0144stwu terminowo\u015b\u0107 , szybk\u0105 i sprawn\u0105 realizacj\u0119 dostaw oraz korzystne ceny. Zapewniamy sta\u0142y monitoring realizowanych zlece\u0144 oraz sprawdzonych przewo\u017anik\u00f3w.<\/p>\n","protected":false},"excerpt":{"rendered":"<p>Jeste\u015bmy firm\u0105 rodzinn\u0105 z 30-letni\u0105 tradycj\u0105. Stawiamy na dynamiczny rozw\u00f3j w zakresie kompleksowej obs\u0142ugi naszych kontrahent\u00f3w. Mamy bogaty obszar wiedzy i do\u015bwiadczenia, kt\u00f3ry pozwala nam cieszy\u0107 si\u0119 zaufaniem tysi\u0119cy Klient\u00f3w, zar\u00f3wno polskich jak i zagranicznych. Elastyczno\u015b\u0107 naszej firmy sprawia, \u017ce jeste\u015bmy odpowiednim partnerem dla prywatnych firm, ma\u0142ych i \u015brednich przedsi\u0119biorc\u00f3w, ale tak\u017ce mi\u0119dzynarodowych koncern\u00f3w. Specjalizujemy si\u0119 w transporcie drogowym, samochodami o r\u00f3\u017cnej \u0142adowno\u015bci. Gwarantujemy Pa\u0144stwu terminowo\u015b\u0107 , szybk\u0105 i sprawn\u0105 realizacj\u0119 dostaw oraz korzystne ceny. Zapewniamy sta\u0142y monitoring realizowanych zlece\u0144 oraz sprawdzonych przewo\u017anik\u00f3w.<\/p>\n","protected":false},"author":1,"featured_media":0,"parent":0,"menu_order":0,"comment_status":"closed","ping_status":"open","template":"","meta":{"_monsterinsights_skip_tracking":false,"_monsterinsights_sitenote_active":false,"_monsterinsights_sitenote_note":"","_monsterinsights_sitenote_category":0,"_uf_show_specific_survey":0,"_uf_disable_surveys":false,"footnotes":""},"class_list":["post-2","page","type-page","status-publish","hentry"],"yoast_head":"<!-- This site is optimized with the Yoast SEO plugin v22.8 - https:\/\/yoast.com\/wordpress\/plugins\/seo\/ -->\n<title>Firma - ABC System - Twoja spedycja!<\/title>\n<meta name=\"robots\" content=\"index, follow, max-snippet:-1, max-image-preview:large, max-video-preview:-1\" \/>\n<link rel=\"canonical\" href=\"https:\/\/abcsystem.com.pl\/\" \/>\n<meta property=\"og:locale\" content=\"pl_PL\" \/>\n<meta property=\"og:type\" content=\"article\" \/>\n<meta property=\"og:title\" content=\"Firma - ABC System - Twoja spedycja!\" \/>\n<meta property=\"og:description\" content=\"Jeste\u015bmy firm\u0105 rodzinn\u0105 z 30-letni\u0105 tradycj\u0105. Stawiamy na dynamiczny rozw\u00f3j w zakresie kompleksowej obs\u0142ugi naszych kontrahent\u00f3w. Mamy bogaty obszar wiedzy i do\u015bwiadczenia, kt\u00f3ry pozwala nam cieszy\u0107 si\u0119 zaufaniem tysi\u0119cy Klient\u00f3w, zar\u00f3wno polskich jak i zagranicznych. Elastyczno\u015b\u0107 naszej firmy sprawia, \u017ce jeste\u015bmy odpowiednim partnerem dla prywatnych firm, ma\u0142ych i \u015brednich przedsi\u0119biorc\u00f3w, ale tak\u017ce mi\u0119dzynarodowych koncern\u00f3w. Specjalizujemy si\u0119 w transporcie drogowym, samochodami o r\u00f3\u017cnej \u0142adowno\u015bci. Gwarantujemy Pa\u0144stwu terminowo\u015b\u0107 , szybk\u0105 i sprawn\u0105 realizacj\u0119 dostaw oraz korzystne ceny. Zapewniamy sta\u0142y monitoring realizowanych zlece\u0144 oraz sprawdzonych przewo\u017anik\u00f3w.\" \/>\n<meta property=\"og:url\" content=\"https:\/\/abcsystem.com.pl\/\" \/>\n<meta property=\"og:site_name\" content=\"ABC System - Twoja spedycja!\" \/>\n<meta property=\"article:publisher\" content=\"https:\/\/www.facebook.com\/profile.php?id=100076308193135\" \/>\n<meta property=\"article:modified_time\" content=\"2022-09-27T12:47:26+00:00\" \/>\n<meta name=\"twitter:card\" content=\"summary_large_image\" \/>\n<meta name=\"twitter:label1\" content=\"Szacowany czas czytania\" \/>\n\t<meta name=\"twitter:data1\" content=\"1 minuta\" \/>\n<script type=\"application\/ld+json\" class=\"yoast-schema-graph\">{\"@context\":\"https:\/\/schema.org\",\"@graph\":[{\"@type\":\"WebPage\",\"@id\":\"https:\/\/abcsystem.com.pl\/\",\"url\":\"https:\/\/abcsystem.com.pl\/\",\"name\":\"Firma - ABC System - Twoja spedycja!\",\"isPartOf\":{\"@id\":\"https:\/\/abcsystem.com.pl\/#website\"},\"datePublished\":\"2021-01-07T13:18:37+00:00\",\"dateModified\":\"2022-09-27T12:47:26+00:00\",\"breadcrumb\":{\"@id\":\"https:\/\/abcsystem.com.pl\/#breadcrumb\"},\"inLanguage\":\"pl-PL\",\"potentialAction\":[{\"@type\":\"ReadAction\",\"target\":[\"https:\/\/abcsystem.com.pl\/\"]}]},{\"@type\":\"BreadcrumbList\",\"@id\":\"https:\/\/abcsystem.com.pl\/#breadcrumb\",\"itemListElement\":[{\"@type\":\"ListItem\",\"position\":1,\"name\":\"Strona g\u0142\u00f3wna\",\"item\":\"https:\/\/abcsystem.com.pl\/\"},{\"@type\":\"ListItem\",\"position\":2,\"name\":\"Firma\"}]},{\"@type\":\"WebSite\",\"@id\":\"https:\/\/abcsystem.com.pl\/#website\",\"url\":\"https:\/\/abcsystem.com.pl\/\",\"name\":\"ABC System - Twoja spedycja!\",\"description\":\"Firma spedycyjna z 30-letnim do\u015bwiadczeniem\",\"publisher\":{\"@id\":\"https:\/\/abcsystem.com.pl\/#organization\"},\"potentialAction\":[{\"@type\":\"SearchAction\",\"target\":{\"@type\":\"EntryPoint\",\"urlTemplate\":\"https:\/\/abcsystem.com.pl\/?s={search_term_string}\"},\"query-input\":\"required name=search_term_string\"}],\"inLanguage\":\"pl-PL\"},{\"@type\":\"Organization\",\"@id\":\"https:\/\/abcsystem.com.pl\/#organization\",\"name\":\"ABC System - Twoja spedycja!\",\"url\":\"https:\/\/abcsystem.com.pl\/\",\"logo\":{\"@type\":\"ImageObject\",\"inLanguage\":\"pl-PL\",\"@id\":\"https:\/\/abcsystem.com.pl\/#\/schema\/logo\/image\/\",\"url\":\"https:\/\/abcsystem.com.pl\/wp-content\/uploads\/2022\/09\/logo-ABC-System-e1663231883405.png\",\"contentUrl\":\"https:\/\/abcsystem.com.pl\/wp-content\/uploads\/2022\/09\/logo-ABC-System-e1663231883405.png\",\"width\":500,\"height\":500,\"caption\":\"ABC System - Twoja spedycja!\"},\"image\":{\"@id\":\"https:\/\/abcsystem.com.pl\/#\/schema\/logo\/image\/\"},\"sameAs\":[\"https:\/\/www.facebook.com\/profile.php?id=100076308193135\",\"https:\/\/www.instagram.com\/abc_system_spedition\/\"]}]}<\/script>\n<!-- \/ Yoast SEO plugin. -->","yoast_head_json":{"title":"Firma - ABC System - Twoja spedycja!","robots":{"index":"index","follow":"follow","max-snippet":"max-snippet:-1","max-image-preview":"max-image-preview:large","max-video-preview":"max-video-preview:-1"},"canonical":"https:\/\/abcsystem.com.pl\/","og_locale":"pl_PL","og_type":"article","og_title":"Firma - ABC System - Twoja spedycja!","og_description":"Jeste\u015bmy firm\u0105 rodzinn\u0105 z 30-letni\u0105 tradycj\u0105. Stawiamy na dynamiczny rozw\u00f3j w zakresie kompleksowej obs\u0142ugi naszych kontrahent\u00f3w. Mamy bogaty obszar wiedzy i do\u015bwiadczenia, kt\u00f3ry pozwala nam cieszy\u0107 si\u0119 zaufaniem tysi\u0119cy Klient\u00f3w, zar\u00f3wno polskich jak i zagranicznych. Elastyczno\u015b\u0107 naszej firmy sprawia, \u017ce jeste\u015bmy odpowiednim partnerem dla prywatnych firm, ma\u0142ych i \u015brednich przedsi\u0119biorc\u00f3w, ale tak\u017ce mi\u0119dzynarodowych koncern\u00f3w. Specjalizujemy si\u0119 w transporcie drogowym, samochodami o r\u00f3\u017cnej \u0142adowno\u015bci. Gwarantujemy Pa\u0144stwu terminowo\u015b\u0107 , szybk\u0105 i sprawn\u0105 realizacj\u0119 dostaw oraz korzystne ceny. Zapewniamy sta\u0142y monitoring realizowanych zlece\u0144 oraz sprawdzonych przewo\u017anik\u00f3w.","og_url":"https:\/\/abcsystem.com.pl\/","og_site_name":"ABC System - Twoja spedycja!","article_publisher":"https:\/\/www.facebook.com\/profile.php?id=100076308193135","article_modified_time":"2022-09-27T12:47:26+00:00","twitter_card":"summary_large_image","twitter_misc":{"Szacowany czas czytania":"1 minuta"},"schema":{"@context":"https:\/\/schema.org","@graph":[{"@type":"WebPage","@id":"https:\/\/abcsystem.com.pl\/","url":"https:\/\/abcsystem.com.pl\/","name":"Firma - ABC System - Twoja spedycja!","isPartOf":{"@id":"https:\/\/abcsystem.com.pl\/#website"},"datePublished":"2021-01-07T13:18:37+00:00","dateModified":"2022-09-27T12:47:26+00:00","breadcrumb":{"@id":"https:\/\/abcsystem.com.pl\/#breadcrumb"},"inLanguage":"pl-PL","potentialAction":[{"@type":"ReadAction","target":["https:\/\/abcsystem.com.pl\/"]}]},{"@type":"BreadcrumbList","@id":"https:\/\/abcsystem.com.pl\/#breadcrumb","itemListElement":[{"@type":"ListItem","position":1,"name":"Strona g\u0142\u00f3wna","item":"https:\/\/abcsystem.com.pl\/"},{"@type":"ListItem","position":2,"name":"Firma"}]},{"@type":"WebSite","@id":"https:\/\/abcsystem.com.pl\/#website","url":"https:\/\/abcsystem.com.pl\/","name":"ABC System - Twoja spedycja!","description":"Firma spedycyjna z 30-letnim do\u015bwiadczeniem","publisher":{"@id":"https:\/\/abcsystem.com.pl\/#organization"},"potentialAction":[{"@type":"SearchAction","target":{"@type":"EntryPoint","urlTemplate":"https:\/\/abcsystem.com.pl\/?s={search_term_string}"},"query-input":"required name=search_term_string"}],"inLanguage":"pl-PL"},{"@type":"Organization","@id":"https:\/\/abcsystem.com.pl\/#organization","name":"ABC System - Twoja spedycja!","url":"https:\/\/abcsystem.com.pl\/","logo":{"@type":"ImageObject","inLanguage":"pl-PL","@id":"https:\/\/abcsystem.com.pl\/#\/schema\/logo\/image\/","url":"https:\/\/abcsystem.com.pl\/wp-content\/uploads\/2022\/09\/logo-ABC-System-e1663231883405.png","contentUrl":"https:\/\/abcsystem.com.pl\/wp-content\/uploads\/2022\/09\/logo-ABC-System-e1663231883405.png","width":500,"height":500,"caption":"ABC System - Twoja spedycja!"},"image":{"@id":"https:\/\/abcsystem.com.pl\/#\/schema\/logo\/image\/"},"sameAs":["https:\/\/www.facebook.com\/profile.php?id=100076308193135","https:\/\/www.instagram.com\/abc_system_spedition\/"]}]}},"_links":{"self":[{"href":"https:\/\/abcsystem.com.pl\/index.php?rest_route=\/wp\/v2\/pages\/2","targetHints":{"allow":["GET"]}}],"collection":[{"href":"https:\/\/abcsystem.com.pl\/index.php?rest_route=\/wp\/v2\/pages"}],"about":[{"href":"https:\/\/abcsystem.com.pl\/index.php?rest_route=\/wp\/v2\/types\/page"}],"author":[{"embeddable":true,"href":"https:\/\/abcsystem.com.pl\/index.php?rest_route=\/wp\/v2\/users\/1"}],"replies":[{"embeddable":true,"href":"https:\/\/abcsystem.com.pl\/index.php?rest_route=%2Fwp%2Fv2%2Fcomments&post=2"}],"version-history":[{"count":1,"href":"https:\/\/abcsystem.com.pl\/index.php?rest_route=\/wp\/v2\/pages\/2\/revisions"}],"predecessor-version":[{"id":68,"href":"https:\/\/abcsystem.com.pl\/index.php?rest_route=\/wp\/v2\/pages\/2\/revisions\/68"}],"wp:attachment":[{"href":"https:\/\/abcsystem.com.pl\/index.php?rest_route=%2Fwp%2Fv2%2Fmedia&parent=2"}],"curies":[{"name":"wp","href":"https:\/\/api.w.org\/{rel}","templated":true}]}}