{"id":47,"date":"2021-01-10T20:50:48","date_gmt":"2021-01-10T19:50:48","guid":{"rendered":"https:\/\/abcsystem.com.pl\/?page_id=47"},"modified":"2024-04-01T19:02:43","modified_gmt":"2024-04-01T17:02:43","slug":"kontakt","status":"publish","type":"page","link":"https:\/\/abcsystem.com.pl\/?page_id=47","title":{"rendered":"Twoja firma spedycyjna &#8211; KONTAKT"},"content":{"rendered":"\n<div class=\"wp-block-buttons is-layout-flex wp-block-buttons-is-layout-flex\">\n<div class=\"wp-block-button\"><a class=\"wp-block-button__link wp-element-button\" href=\"mailto:office@abcsystem.com.pl\">office@abcsystem.com.pl<\/a><\/div>\n<\/div>\n\n\n<style id=\"wpforms-css-vars-root\">\n\t\t\t\t:root {\n\t\t\t\t\t--wpforms-field-border-radius: 3px;\n--wpforms-field-border-style: solid;\n--wpforms-field-border-size: 1px;\n--wpforms-field-background-color: #ffffff;\n--wpforms-field-border-color: rgba( 0, 0, 0, 0.25 );\n--wpforms-field-border-color-spare: rgba( 0, 0, 0, 0.25 );\n--wpforms-field-text-color: rgba( 0, 0, 0, 0.7 );\n--wpforms-field-menu-color: #ffffff;\n--wpforms-label-color: rgba( 0, 0, 0, 0.85 );\n--wpforms-label-sublabel-color: rgba( 0, 0, 0, 0.55 );\n--wpforms-label-error-color: #d63637;\n--wpforms-button-border-radius: 3px;\n--wpforms-button-border-style: none;\n--wpforms-button-border-size: 1px;\n--wpforms-button-background-color: #066aab;\n--wpforms-button-border-color: #066aab;\n--wpforms-button-text-color: #ffffff;\n--wpforms-page-break-color: #066aab;\n--wpforms-background-image: none;\n--wpforms-background-position: center center;\n--wpforms-background-repeat: no-repeat;\n--wpforms-background-size: cover;\n--wpforms-background-width: 100px;\n--wpforms-background-height: 100px;\n--wpforms-background-color: rgba( 0, 0, 0, 0 );\n--wpforms-background-url: none;\n--wpforms-container-padding: 0px;\n--wpforms-container-border-style: none;\n--wpforms-container-border-width: 1px;\n--wpforms-container-border-color: #000000;\n--wpforms-container-border-radius: 3px;\n--wpforms-field-size-input-height: 43px;\n--wpforms-field-size-input-spacing: 15px;\n--wpforms-field-size-font-size: 16px;\n--wpforms-field-size-line-height: 19px;\n--wpforms-field-size-padding-h: 14px;\n--wpforms-field-size-checkbox-size: 16px;\n--wpforms-field-size-sublabel-spacing: 5px;\n--wpforms-field-size-icon-size: 1;\n--wpforms-label-size-font-size: 16px;\n--wpforms-label-size-line-height: 19px;\n--wpforms-label-size-sublabel-font-size: 14px;\n--wpforms-label-size-sublabel-line-height: 17px;\n--wpforms-button-size-font-size: 17px;\n--wpforms-button-size-height: 41px;\n--wpforms-button-size-padding-h: 15px;\n--wpforms-button-size-margin-top: 10px;\n--wpforms-container-shadow-size-box-shadow: none;\n\n\t\t\t\t}\n\t\t\t<\/style><div class=\"wpforms-container wpforms-container-full wpforms-block wpforms-block-cdee1be6-2af8-4035-9994-9520c90022de wpforms-render-modern\" id=\"wpforms-206\"><form id=\"wpforms-form-206\" class=\"wpforms-validate wpforms-form wpforms-ajax-form\" data-formid=\"206\" method=\"post\" enctype=\"multipart\/form-data\" action=\"\/index.php?rest_route=%2Fwp%2Fv2%2Fpages%2F47\" data-token=\"a8e4512673b2d96f3276c93012005afc\" data-token-time=\"1775999654\"><noscript class=\"wpforms-error-noscript\">Aby wype\u0142ni\u0107 ten formularz, w\u0142\u0105cz obs\u0142ug\u0119 JavaScript w przegl\u0105darce.<\/noscript><div class=\"wpforms-hidden\" id=\"wpforms-error-noscript\">Aby wype\u0142ni\u0107 ten formularz, w\u0142\u0105cz obs\u0142ug\u0119 JavaScript w przegl\u0105darce.<\/div><div class=\"wpforms-field-container\"><div id=\"wpforms-206-field_0-container\" class=\"wpforms-field wpforms-field-name\" data-field-id=\"0\"><fieldset><legend class=\"wpforms-field-label\">Nazwa <span class=\"wpforms-required-label\" aria-hidden=\"true\">*<\/span><\/legend><div class=\"wpforms-field-row wpforms-field-medium\"><div class=\"wpforms-field-row-block wpforms-first wpforms-one-half\"><input type=\"text\" id=\"wpforms-206-field_0\" class=\"wpforms-field-name-first wpforms-field-required\" name=\"wpforms[fields][0][first]\" aria-errormessage=\"wpforms-206-field_0-error\" required><label for=\"wpforms-206-field_0\" class=\"wpforms-field-sublabel after \">Imi\u0119<\/label><\/div><div class=\"wpforms-field-row-block wpforms-one-half\"><input type=\"text\" id=\"wpforms-206-field_0-last\" class=\"wpforms-field-name-last wpforms-field-required\" name=\"wpforms[fields][0][last]\" aria-errormessage=\"wpforms-206-field_0-last-error\" required><label for=\"wpforms-206-field_0-last\" class=\"wpforms-field-sublabel after \">Nazwisko<\/label><\/div><\/div><\/fieldset><\/div><div id=\"wpforms-206-field_3-container\" class=\"wpforms-field wpforms-field-number\" data-field-id=\"3\"><label class=\"wpforms-field-label\" for=\"wpforms-206-field_3\">Nr telefonu<\/label><input type=\"number\" id=\"wpforms-206-field_3\" class=\"wpforms-field-medium\" name=\"wpforms[fields][3]\" aria-errormessage=\"wpforms-206-field_3-error\" ><\/div><div id=\"wpforms-206-field_1-container\" class=\"wpforms-field wpforms-field-email\" data-field-id=\"1\"><label class=\"wpforms-field-label\" for=\"wpforms-206-field_1\">Adres e-mail <span class=\"wpforms-required-label\" aria-hidden=\"true\">*<\/span><\/label><input type=\"email\" id=\"wpforms-206-field_1\" class=\"wpforms-field-medium wpforms-field-required\" name=\"wpforms[fields][1]\" spellcheck=\"false\" aria-errormessage=\"wpforms-206-field_1-error\" required><\/div><div id=\"wpforms-206-field_2-container\" class=\"wpforms-field wpforms-field-textarea\" data-field-id=\"2\"><label class=\"wpforms-field-label\" for=\"wpforms-206-field_2\">Podaje kody pocztowe, wymiary oraz wag\u0119 \u0142adunku, a tak\u017ce przewidywane daty. <\/label><textarea id=\"wpforms-206-field_2\" class=\"wpforms-field-medium\" name=\"wpforms[fields][2]\" aria-errormessage=\"wpforms-206-field_2-error\" ><\/textarea><\/div><\/div><!-- .wpforms-field-container --><div class=\"wpforms-submit-container\" ><input type=\"hidden\" name=\"wpforms[id]\" value=\"206\"><input type=\"hidden\" name=\"page_title\" value=\"\"><input type=\"hidden\" name=\"page_url\" value=\"https:\/\/abcsystem.com.pl\/index.php?rest_route=%2Fwp%2Fv2%2Fpages%2F47\"><button type=\"submit\" name=\"wpforms[submit]\" id=\"wpforms-submit-206\" class=\"wpforms-submit\" data-alt-text=\"Wysy\u0142anie...\" data-submit-text=\"Prze\u015blij\" aria-live=\"assertive\" value=\"wpforms-submit\">Prze\u015blij<\/button><img loading=\"lazy\" decoding=\"async\" src=\"https:\/\/abcsystem.com.pl\/wp-content\/plugins\/wpforms-lite\/assets\/images\/submit-spin.svg\" class=\"wpforms-submit-spinner\" style=\"display: none;\" width=\"26\" height=\"26\" alt=\"Wczytywanie\"><\/div><\/form><\/div>  <!-- .wpforms-container -->","protected":false},"excerpt":{"rendered":"","protected":false},"author":1,"featured_media":0,"parent":0,"menu_order":0,"comment_status":"closed","ping_status":"closed","template":"","meta":{"_monsterinsights_skip_tracking":false,"_monsterinsights_sitenote_active":false,"_monsterinsights_sitenote_note":"","_monsterinsights_sitenote_category":0,"_uf_show_specific_survey":0,"_uf_disable_surveys":false,"footnotes":""},"class_list":["post-47","page","type-page","status-publish","hentry"],"yoast_head":"<!-- This site is optimized with the Yoast SEO plugin v22.8 - https:\/\/yoast.com\/wordpress\/plugins\/seo\/ -->\n<title>Twoja firma spedycyjna - KONTAKT - ABC System - Twoja spedycja!<\/title>\n<meta name=\"description\" content=\"Wype\u0142nij poni\u017cszy formularz, pami\u0119taj im wi\u0119cej szczeg\u00f3\u0142\u00f3w odno\u015bnie Twojego \u0142audnku podasz tym \u0142atwiej b\u0119dzie nam go dobrze wyceni\u0107.\" \/>\n<meta name=\"robots\" content=\"index, follow, max-snippet:-1, max-image-preview:large, max-video-preview:-1\" \/>\n<link rel=\"canonical\" href=\"https:\/\/abcsystem.com.pl\/?page_id=47\" \/>\n<meta property=\"og:locale\" content=\"pl_PL\" \/>\n<meta property=\"og:type\" content=\"article\" \/>\n<meta property=\"og:title\" content=\"Twoja firma spedycyjna - KONTAKT - ABC System - Twoja spedycja!\" \/>\n<meta property=\"og:description\" content=\"Wype\u0142nij poni\u017cszy formularz, pami\u0119taj im wi\u0119cej szczeg\u00f3\u0142\u00f3w odno\u015bnie Twojego \u0142audnku podasz tym \u0142atwiej b\u0119dzie nam go dobrze wyceni\u0107.\" \/>\n<meta property=\"og:url\" content=\"https:\/\/abcsystem.com.pl\/?page_id=47\" \/>\n<meta property=\"og:site_name\" content=\"ABC System - Twoja spedycja!\" \/>\n<meta property=\"article:publisher\" content=\"https:\/\/www.facebook.com\/profile.php?id=100076308193135\" \/>\n<meta property=\"article:modified_time\" content=\"2024-04-01T17:02:43+00:00\" \/>\n<meta name=\"twitter:card\" content=\"summary_large_image\" \/>\n<meta name=\"twitter:label1\" content=\"Szacowany czas czytania\" \/>\n\t<meta name=\"twitter:data1\" content=\"1 minuta\" \/>\n<script type=\"application\/ld+json\" class=\"yoast-schema-graph\">{\"@context\":\"https:\/\/schema.org\",\"@graph\":[{\"@type\":\"WebPage\",\"@id\":\"https:\/\/abcsystem.com.pl\/?page_id=47\",\"url\":\"https:\/\/abcsystem.com.pl\/?page_id=47\",\"name\":\"Twoja firma spedycyjna - KONTAKT - ABC System - Twoja spedycja!\",\"isPartOf\":{\"@id\":\"https:\/\/abcsystem.com.pl\/#website\"},\"datePublished\":\"2021-01-10T19:50:48+00:00\",\"dateModified\":\"2024-04-01T17:02:43+00:00\",\"description\":\"Wype\u0142nij poni\u017cszy formularz, pami\u0119taj im wi\u0119cej szczeg\u00f3\u0142\u00f3w odno\u015bnie Twojego \u0142audnku podasz tym \u0142atwiej b\u0119dzie nam go dobrze wyceni\u0107.\",\"breadcrumb\":{\"@id\":\"https:\/\/abcsystem.com.pl\/?page_id=47#breadcrumb\"},\"inLanguage\":\"pl-PL\",\"potentialAction\":[{\"@type\":\"ReadAction\",\"target\":[\"https:\/\/abcsystem.com.pl\/?page_id=47\"]}]},{\"@type\":\"BreadcrumbList\",\"@id\":\"https:\/\/abcsystem.com.pl\/?page_id=47#breadcrumb\",\"itemListElement\":[{\"@type\":\"ListItem\",\"position\":1,\"name\":\"Strona g\u0142\u00f3wna\",\"item\":\"https:\/\/abcsystem.com.pl\/\"},{\"@type\":\"ListItem\",\"position\":2,\"name\":\"Twoja firma spedycyjna &#8211; KONTAKT\"}]},{\"@type\":\"WebSite\",\"@id\":\"https:\/\/abcsystem.com.pl\/#website\",\"url\":\"https:\/\/abcsystem.com.pl\/\",\"name\":\"ABC System - Twoja spedycja!\",\"description\":\"Firma spedycyjna z 30-letnim do\u015bwiadczeniem\",\"publisher\":{\"@id\":\"https:\/\/abcsystem.com.pl\/#organization\"},\"potentialAction\":[{\"@type\":\"SearchAction\",\"target\":{\"@type\":\"EntryPoint\",\"urlTemplate\":\"https:\/\/abcsystem.com.pl\/?s={search_term_string}\"},\"query-input\":\"required name=search_term_string\"}],\"inLanguage\":\"pl-PL\"},{\"@type\":\"Organization\",\"@id\":\"https:\/\/abcsystem.com.pl\/#organization\",\"name\":\"ABC System - Twoja spedycja!\",\"url\":\"https:\/\/abcsystem.com.pl\/\",\"logo\":{\"@type\":\"ImageObject\",\"inLanguage\":\"pl-PL\",\"@id\":\"https:\/\/abcsystem.com.pl\/#\/schema\/logo\/image\/\",\"url\":\"https:\/\/abcsystem.com.pl\/wp-content\/uploads\/2022\/09\/logo-ABC-System-e1663231883405.png\",\"contentUrl\":\"https:\/\/abcsystem.com.pl\/wp-content\/uploads\/2022\/09\/logo-ABC-System-e1663231883405.png\",\"width\":500,\"height\":500,\"caption\":\"ABC System - Twoja spedycja!\"},\"image\":{\"@id\":\"https:\/\/abcsystem.com.pl\/#\/schema\/logo\/image\/\"},\"sameAs\":[\"https:\/\/www.facebook.com\/profile.php?id=100076308193135\",\"https:\/\/www.instagram.com\/abc_system_spedition\/\"]}]}<\/script>\n<!-- \/ Yoast SEO plugin. -->","yoast_head_json":{"title":"Twoja firma spedycyjna - KONTAKT - ABC System - Twoja spedycja!","description":"Wype\u0142nij poni\u017cszy formularz, pami\u0119taj im wi\u0119cej szczeg\u00f3\u0142\u00f3w odno\u015bnie Twojego \u0142audnku podasz tym \u0142atwiej b\u0119dzie nam go dobrze wyceni\u0107.","robots":{"index":"index","follow":"follow","max-snippet":"max-snippet:-1","max-image-preview":"max-image-preview:large","max-video-preview":"max-video-preview:-1"},"canonical":"https:\/\/abcsystem.com.pl\/?page_id=47","og_locale":"pl_PL","og_type":"article","og_title":"Twoja firma spedycyjna - KONTAKT - ABC System - Twoja spedycja!","og_description":"Wype\u0142nij poni\u017cszy formularz, pami\u0119taj im wi\u0119cej szczeg\u00f3\u0142\u00f3w odno\u015bnie Twojego \u0142audnku podasz tym \u0142atwiej b\u0119dzie nam go dobrze wyceni\u0107.","og_url":"https:\/\/abcsystem.com.pl\/?page_id=47","og_site_name":"ABC System - Twoja spedycja!","article_publisher":"https:\/\/www.facebook.com\/profile.php?id=100076308193135","article_modified_time":"2024-04-01T17:02:43+00:00","twitter_card":"summary_large_image","twitter_misc":{"Szacowany czas czytania":"1 minuta"},"schema":{"@context":"https:\/\/schema.org","@graph":[{"@type":"WebPage","@id":"https:\/\/abcsystem.com.pl\/?page_id=47","url":"https:\/\/abcsystem.com.pl\/?page_id=47","name":"Twoja firma spedycyjna - KONTAKT - ABC System - Twoja spedycja!","isPartOf":{"@id":"https:\/\/abcsystem.com.pl\/#website"},"datePublished":"2021-01-10T19:50:48+00:00","dateModified":"2024-04-01T17:02:43+00:00","description":"Wype\u0142nij poni\u017cszy formularz, pami\u0119taj im wi\u0119cej szczeg\u00f3\u0142\u00f3w odno\u015bnie Twojego \u0142audnku podasz tym \u0142atwiej b\u0119dzie nam go dobrze wyceni\u0107.","breadcrumb":{"@id":"https:\/\/abcsystem.com.pl\/?page_id=47#breadcrumb"},"inLanguage":"pl-PL","potentialAction":[{"@type":"ReadAction","target":["https:\/\/abcsystem.com.pl\/?page_id=47"]}]},{"@type":"BreadcrumbList","@id":"https:\/\/abcsystem.com.pl\/?page_id=47#breadcrumb","itemListElement":[{"@type":"ListItem","position":1,"name":"Strona g\u0142\u00f3wna","item":"https:\/\/abcsystem.com.pl\/"},{"@type":"ListItem","position":2,"name":"Twoja firma spedycyjna &#8211; KONTAKT"}]},{"@type":"WebSite","@id":"https:\/\/abcsystem.com.pl\/#website","url":"https:\/\/abcsystem.com.pl\/","name":"ABC System - Twoja spedycja!","description":"Firma spedycyjna z 30-letnim do\u015bwiadczeniem","publisher":{"@id":"https:\/\/abcsystem.com.pl\/#organization"},"potentialAction":[{"@type":"SearchAction","target":{"@type":"EntryPoint","urlTemplate":"https:\/\/abcsystem.com.pl\/?s={search_term_string}"},"query-input":"required name=search_term_string"}],"inLanguage":"pl-PL"},{"@type":"Organization","@id":"https:\/\/abcsystem.com.pl\/#organization","name":"ABC System - Twoja spedycja!","url":"https:\/\/abcsystem.com.pl\/","logo":{"@type":"ImageObject","inLanguage":"pl-PL","@id":"https:\/\/abcsystem.com.pl\/#\/schema\/logo\/image\/","url":"https:\/\/abcsystem.com.pl\/wp-content\/uploads\/2022\/09\/logo-ABC-System-e1663231883405.png","contentUrl":"https:\/\/abcsystem.com.pl\/wp-content\/uploads\/2022\/09\/logo-ABC-System-e1663231883405.png","width":500,"height":500,"caption":"ABC System - Twoja spedycja!"},"image":{"@id":"https:\/\/abcsystem.com.pl\/#\/schema\/logo\/image\/"},"sameAs":["https:\/\/www.facebook.com\/profile.php?id=100076308193135","https:\/\/www.instagram.com\/abc_system_spedition\/"]}]}},"_links":{"self":[{"href":"https:\/\/abcsystem.com.pl\/index.php?rest_route=\/wp\/v2\/pages\/47","targetHints":{"allow":["GET"]}}],"collection":[{"href":"https:\/\/abcsystem.com.pl\/index.php?rest_route=\/wp\/v2\/pages"}],"about":[{"href":"https:\/\/abcsystem.com.pl\/index.php?rest_route=\/wp\/v2\/types\/page"}],"author":[{"embeddable":true,"href":"https:\/\/abcsystem.com.pl\/index.php?rest_route=\/wp\/v2\/users\/1"}],"replies":[{"embeddable":true,"href":"https:\/\/abcsystem.com.pl\/index.php?rest_route=%2Fwp%2Fv2%2Fcomments&post=47"}],"version-history":[{"count":3,"href":"https:\/\/abcsystem.com.pl\/index.php?rest_route=\/wp\/v2\/pages\/47\/revisions"}],"predecessor-version":[{"id":211,"href":"https:\/\/abcsystem.com.pl\/index.php?rest_route=\/wp\/v2\/pages\/47\/revisions\/211"}],"wp:attachment":[{"href":"https:\/\/abcsystem.com.pl\/index.php?rest_route=%2Fwp%2Fv2%2Fmedia&parent=47"}],"curies":[{"name":"wp","href":"https:\/\/api.w.org\/{rel}","templated":true}]}}